{"id":382,"date":"2021-05-07T20:08:13","date_gmt":"2021-05-07T18:08:13","guid":{"rendered":"http:\/\/fahrschule-next.de\/datenschutzerklaerung-2-copy\/"},"modified":"2021-10-14T14:49:25","modified_gmt":"2021-10-14T12:49:25","slug":"datenschutzerklaerung-2-copy","status":"publish","type":"page","link":"https:\/\/fahrschule-next.de\/?page_id=382","title":{"rendered":"Impressum"},"content":{"rendered":"\n<h4>\n\t\t<a href=\"http:\/\/fahrschule-next.de\" title=\"Zur\u00fcck zur Home-Seite\" target=\"_self\" rel=\"noopener\">\n\t\tZur\u00fcck zur Home-Seite\n\t\t<\/a>\n\t<\/h4>\n\t\t\t<h3>Impressum<\/h3>\t\t\t\n\t\t\t\t<p>Enter description text here.<\/p>\n<h6>Fahrschule Next<\/h6>\n<h6>Perleberger Stra\u00dfe\u00a0 65<br \/>\n10559 Berlin<\/h6>\n<strong>Vertreten durch:<\/strong><br \/>\nGesch\u00e4ftsf\u00fchrer:<br \/>\nFaruk G\u00fczelg\u00fcl\n<p><strong>Kontakt:<\/strong><\/p>\n<strong>Telefon:<\/strong>\u00a0030 552 09 429<br \/>\n<strong>Mobil:<\/strong>\u00a00176 \/ 45696654<br \/>\n<strong>E-mail:<\/strong>\u00a0info@fahrschule-next.de<br \/>\n<strong>Web:<\/strong>\u00a0fahrschule-next.de\n<strong>Registereintrag: <\/strong><br \/>\nEintragung im Registergericht: Mitte\/Tiergarten<br \/>\nRegisternummer: XXX<br \/>\nUSt &#8211; IdNr.: 30\/ 06597\/ 87\n<h3>Haftungsausschluss<\/h3>\n<p><strong>Haftung f\u00fcr Inhalte<\/strong><\/p>\n<p>Als Diensteanbieter sind wir gem\u00e4\u00df \u00a7 7 Abs.1 TMG f\u00fcr eigene Inhalte auf diesen Seiten nach den allgemeinen Gesetzen verantwortlich. Nach \u00a7\u00a7 8 bis 10 TMG sind wir als Diensteanbieter jedoch nicht verpflichtet, \u00fcbermittelte oder gespeicherte fremde Informationen zu \u00fcberwachen oder nach Umst\u00e4nden zu forschen, die auf eine rechtswidrige T\u00e4tigkeit hinweisen. Verpflichtungen zur Entfernung oder Sperrung der Nutzung von Informationen nach den allgemeinen Gesetzen bleiben hiervon unber\u00fchrt. Eine diesbez\u00fcgliche Haftung ist jedoch erst ab dem Zeitpunkt der Kenntnis einer konkreten Rechtsverletzung m\u00f6glich. Bei Bekanntwerden von entsprechenden Rechtsverletzungen werden wir diese Inhalte umgehend entfernen.<\/p>\n<p><strong>Haftung f\u00fcr Links<\/strong><\/p>\n<p>Unser Angebot enth\u00e4lt Links zu externen Webseiten Dritter, auf deren Inhalte wir keinen Einfluss haben. Deshalb k\u00f6nnen wir f\u00fcr diese fremden Inhalte auch keine Gew\u00e4hr \u00fcbernehmen. F\u00fcr die Inhalte der verlinkten Seiten ist stets der jeweilige Anbieter oder Betreiber der Seiten verantwortlich. Die verlinkten Seiten wurden zum Zeitpunkt der Verlinkung auf m\u00f6gliche Rechtsverst\u00f6\u00dfe \u00fcberpr\u00fcft. Rechtswidrige Inhalte waren zum Zeitpunkt der Verlinkung nicht erkennbar. Eine permanente inhaltliche Kontrolle der verlinkten Seiten ist jedoch ohne konkrete Anhaltspunkte einer Rechtsverletzung nicht zumutbar. Bei Bekanntwerden von Rechtsverletzungen werden wir derartige Links umgehend entfernen.<\/p>\n<p><strong>Urheberrecht<\/strong><\/p>\n<p>Die durch die Seitenbetreiber erstellten Inhalte und Werke auf diesen Seiten unterliegen dem deutschen Urheberrecht. Die Vervielf\u00e4ltigung, Bearbeitung, Verbreitung und jede Art der Verwertung au\u00dferhalb der Grenzen des Urheberrechtes bed\u00fcrfen der schriftlichen Zustimmung des jeweiligen Autors bzw. Erstellers. Downloads und Kopien dieser Seite sind nur f\u00fcr den privaten, nicht kommerziellen Gebrauch gestattet. Soweit die Inhalte auf dieser Seite nicht vom Betreiber erstellt wurden, werden die Urheberrechte Dritter beachtet. Insbesondere werden Inhalte Dritter als solche gekennzeichnet. Sollten Sie trotzdem auf eine Urheberrechtsverletzung aufmerksam werden, bitten wir um einen entsprechenden Hinweis. Bei Bekanntwerden von Rechtsverletzungen werden wir derartige Inhalte umgehend entfernen.<\/p>\n\n","protected":false},"excerpt":{"rendered":"<p>Zur\u00fcck zur Home-Seite Impressum Enter description text here. Fahrschule Next Perleberger Stra\u00dfe\u00a0 65 10559 Berlin Vertreten durch: Gesch\u00e4ftsf\u00fchrer: Faruk G\u00fczelg\u00fcl Kontakt: Telefon:\u00a0030 552 09 429 Mobil:\u00a00176 \/ 45696654 E-mail:\u00a0info@fahrschule-next.de Web:\u00a0fahrschule-next.de Registereintrag: Eintragung im Registergericht: Mitte\/Tiergarten Registernummer: XXX USt &#8211; IdNr.: 30\/ 06597\/ 87 Haftungsausschluss Haftung f\u00fcr Inhalte Als Diensteanbieter sind wir gem\u00e4\u00df \u00a7 7 Abs.1 [&hellip;]<\/p>\n","protected":false},"author":1,"featured_media":0,"parent":0,"menu_order":0,"comment_status":"closed","ping_status":"closed","template":"","meta":{"site-sidebar-layout":"no-sidebar","site-content-layout":"default","ast-site-content-layout":"default","site-content-style":"default","site-sidebar-style":"default","ast-global-header-display":"","ast-banner-title-visibility":"","ast-main-header-display":"disabled","ast-hfb-above-header-display":"","ast-hfb-below-header-display":"","ast-hfb-mobile-header-display":"","site-post-title":"disabled","ast-breadcrumbs-content":"","ast-featured-img":"","footer-sml-layout":"","ast-disable-related-posts":"","theme-transparent-header-meta":"default","adv-header-id-meta":"","stick-header-meta":"default","header-above-stick-meta":"","header-main-stick-meta":"","header-below-stick-meta":"","astra-migrate-meta-layouts":"default","ast-page-background-enabled":"default","ast-page-background-meta":{"desktop":{"background-color":"","background-image":"","background-repeat":"repeat","background-position":"center center","background-size":"auto","background-attachment":"scroll","background-type":"","background-media":"","overlay-type":"","overlay-color":"","overlay-opacity":"","overlay-gradient":""},"tablet":{"background-color":"","background-image":"","background-repeat":"repeat","background-position":"center center","background-size":"auto","background-attachment":"scroll","background-type":"","background-media":"","overlay-type":"","overlay-color":"","overlay-opacity":"","overlay-gradient":""},"mobile":{"background-color":"","background-image":"","background-repeat":"repeat","background-position":"center center","background-size":"auto","background-attachment":"scroll","background-type":"","background-media":"","overlay-type":"","overlay-color":"","overlay-opacity":"","overlay-gradient":""}},"ast-content-background-meta":{"desktop":{"background-color":"var(--ast-global-color-5)","background-image":"","background-repeat":"repeat","background-position":"center center","background-size":"auto","background-attachment":"scroll","background-type":"","background-media":"","overlay-type":"","overlay-color":"","overlay-opacity":"","overlay-gradient":""},"tablet":{"background-color":"var(--ast-global-color-5)","background-image":"","background-repeat":"repeat","background-position":"center center","background-size":"auto","background-attachment":"scroll","background-type":"","background-media":"","overlay-type":"","overlay-color":"","overlay-opacity":"","overlay-gradient":""},"mobile":{"background-color":"var(--ast-global-color-5)","background-image":"","background-repeat":"repeat","background-position":"center center","background-size":"auto","background-attachment":"scroll","background-type":"","background-media":"","overlay-type":"","overlay-color":"","overlay-opacity":"","overlay-gradient":""}},"footnotes":""},"class_list":["post-382","page","type-page","status-publish","hentry"],"yoast_head":"<!-- This site is optimized with the Yoast SEO plugin v26.9 - https:\/\/yoast.com\/product\/yoast-seo-wordpress\/ -->\n<title>Impressum - Fahrschule Next in Berlin Moabit, Tiergarten, Mitte und Wedding<\/title>\n<meta name=\"robots\" content=\"index, follow, max-snippet:-1, max-image-preview:large, max-video-preview:-1\" \/>\n<link rel=\"canonical\" href=\"https:\/\/fahrschule-next.de\/?page_id=382\" \/>\n<meta property=\"og:locale\" content=\"de_DE\" \/>\n<meta property=\"og:type\" content=\"article\" \/>\n<meta property=\"og:title\" content=\"Impressum - Fahrschule Next in Berlin Moabit, Tiergarten, Mitte und Wedding\" \/>\n<meta property=\"og:description\" content=\"Zur\u00fcck zur Home-Seite Impressum Enter description text here. Fahrschule Next Perleberger Stra\u00dfe\u00a0 65 10559 Berlin Vertreten durch: Gesch\u00e4ftsf\u00fchrer: Faruk G\u00fczelg\u00fcl Kontakt: Telefon:\u00a0030 552 09 429 Mobil:\u00a00176 \/ 45696654 E-mail:\u00a0info@fahrschule-next.de Web:\u00a0fahrschule-next.de Registereintrag: Eintragung im Registergericht: Mitte\/Tiergarten Registernummer: XXX USt &#8211; IdNr.: 30\/ 06597\/ 87 Haftungsausschluss Haftung f\u00fcr Inhalte Als Diensteanbieter sind wir gem\u00e4\u00df \u00a7 7 Abs.1 [&hellip;]\" \/>\n<meta property=\"og:url\" content=\"https:\/\/fahrschule-next.de\/?page_id=382\" \/>\n<meta property=\"og:site_name\" content=\"Fahrschule Next in Berlin Moabit, Tiergarten, Mitte und Wedding\" \/>\n<meta property=\"article:modified_time\" content=\"2021-10-14T12:49:25+00:00\" \/>\n<meta name=\"twitter:card\" content=\"summary_large_image\" \/>\n<meta name=\"twitter:label1\" content=\"Gesch\u00e4tzte Lesezeit\" \/>\n\t<meta name=\"twitter:data1\" content=\"2\u00a0Minuten\" \/>\n<script type=\"application\/ld+json\" class=\"yoast-schema-graph\">{\"@context\":\"https:\/\/schema.org\",\"@graph\":[{\"@type\":\"WebPage\",\"@id\":\"https:\/\/fahrschule-next.de\/?page_id=382\",\"url\":\"https:\/\/fahrschule-next.de\/?page_id=382\",\"name\":\"Impressum - Fahrschule Next in Berlin Moabit, Tiergarten, Mitte und Wedding\",\"isPartOf\":{\"@id\":\"https:\/\/fahrschule-next.de\/#website\"},\"datePublished\":\"2021-05-07T18:08:13+00:00\",\"dateModified\":\"2021-10-14T12:49:25+00:00\",\"breadcrumb\":{\"@id\":\"https:\/\/fahrschule-next.de\/?page_id=382#breadcrumb\"},\"inLanguage\":\"de\",\"potentialAction\":[{\"@type\":\"ReadAction\",\"target\":[\"https:\/\/fahrschule-next.de\/?page_id=382\"]}]},{\"@type\":\"BreadcrumbList\",\"@id\":\"https:\/\/fahrschule-next.de\/?page_id=382#breadcrumb\",\"itemListElement\":[{\"@type\":\"ListItem\",\"position\":1,\"name\":\"Startseite\",\"item\":\"https:\/\/fahrschule-next.de\/\"},{\"@type\":\"ListItem\",\"position\":2,\"name\":\"Impressum\"}]},{\"@type\":\"WebSite\",\"@id\":\"https:\/\/fahrschule-next.de\/#website\",\"url\":\"https:\/\/fahrschule-next.de\/\",\"name\":\"Fahrschule Next in Berlin Moabit, Tiergarten, Mitte und Wedding\",\"description\":\"\",\"publisher\":{\"@id\":\"https:\/\/fahrschule-next.de\/#organization\"},\"potentialAction\":[{\"@type\":\"SearchAction\",\"target\":{\"@type\":\"EntryPoint\",\"urlTemplate\":\"https:\/\/fahrschule-next.de\/?s={search_term_string}\"},\"query-input\":{\"@type\":\"PropertyValueSpecification\",\"valueRequired\":true,\"valueName\":\"search_term_string\"}}],\"inLanguage\":\"de\"},{\"@type\":\"Organization\",\"@id\":\"https:\/\/fahrschule-next.de\/#organization\",\"name\":\"Fahrschule Next in Berlin Moabit, Tiergarten, Mitte und Wedding\",\"url\":\"https:\/\/fahrschule-next.de\/\",\"logo\":{\"@type\":\"ImageObject\",\"inLanguage\":\"de\",\"@id\":\"https:\/\/fahrschule-next.de\/#\/schema\/logo\/image\/\",\"url\":\"https:\/\/fahrschule-next.de\/wp-content\/uploads\/2021\/10\/cropped-NEXT-Logo-Favicon.png\",\"contentUrl\":\"https:\/\/fahrschule-next.de\/wp-content\/uploads\/2021\/10\/cropped-NEXT-Logo-Favicon.png\",\"width\":387,\"height\":243,\"caption\":\"Fahrschule Next in Berlin Moabit, Tiergarten, Mitte und Wedding\"},\"image\":{\"@id\":\"https:\/\/fahrschule-next.de\/#\/schema\/logo\/image\/\"}}]}<\/script>\n<!-- \/ Yoast SEO plugin. -->","yoast_head_json":{"title":"Impressum - Fahrschule Next in Berlin Moabit, Tiergarten, Mitte und Wedding","robots":{"index":"index","follow":"follow","max-snippet":"max-snippet:-1","max-image-preview":"max-image-preview:large","max-video-preview":"max-video-preview:-1"},"canonical":"https:\/\/fahrschule-next.de\/?page_id=382","og_locale":"de_DE","og_type":"article","og_title":"Impressum - Fahrschule Next in Berlin Moabit, Tiergarten, Mitte und Wedding","og_description":"Zur\u00fcck zur Home-Seite Impressum Enter description text here. Fahrschule Next Perleberger Stra\u00dfe\u00a0 65 10559 Berlin Vertreten durch: Gesch\u00e4ftsf\u00fchrer: Faruk G\u00fczelg\u00fcl Kontakt: Telefon:\u00a0030 552 09 429 Mobil:\u00a00176 \/ 45696654 E-mail:\u00a0info@fahrschule-next.de Web:\u00a0fahrschule-next.de Registereintrag: Eintragung im Registergericht: Mitte\/Tiergarten Registernummer: XXX USt &#8211; IdNr.: 30\/ 06597\/ 87 Haftungsausschluss Haftung f\u00fcr Inhalte Als Diensteanbieter sind wir gem\u00e4\u00df \u00a7 7 Abs.1 [&hellip;]","og_url":"https:\/\/fahrschule-next.de\/?page_id=382","og_site_name":"Fahrschule Next in Berlin Moabit, Tiergarten, Mitte und Wedding","article_modified_time":"2021-10-14T12:49:25+00:00","twitter_card":"summary_large_image","twitter_misc":{"Gesch\u00e4tzte Lesezeit":"2\u00a0Minuten"},"schema":{"@context":"https:\/\/schema.org","@graph":[{"@type":"WebPage","@id":"https:\/\/fahrschule-next.de\/?page_id=382","url":"https:\/\/fahrschule-next.de\/?page_id=382","name":"Impressum - Fahrschule Next in Berlin Moabit, Tiergarten, Mitte und Wedding","isPartOf":{"@id":"https:\/\/fahrschule-next.de\/#website"},"datePublished":"2021-05-07T18:08:13+00:00","dateModified":"2021-10-14T12:49:25+00:00","breadcrumb":{"@id":"https:\/\/fahrschule-next.de\/?page_id=382#breadcrumb"},"inLanguage":"de","potentialAction":[{"@type":"ReadAction","target":["https:\/\/fahrschule-next.de\/?page_id=382"]}]},{"@type":"BreadcrumbList","@id":"https:\/\/fahrschule-next.de\/?page_id=382#breadcrumb","itemListElement":[{"@type":"ListItem","position":1,"name":"Startseite","item":"https:\/\/fahrschule-next.de\/"},{"@type":"ListItem","position":2,"name":"Impressum"}]},{"@type":"WebSite","@id":"https:\/\/fahrschule-next.de\/#website","url":"https:\/\/fahrschule-next.de\/","name":"Fahrschule Next in Berlin Moabit, Tiergarten, Mitte und Wedding","description":"","publisher":{"@id":"https:\/\/fahrschule-next.de\/#organization"},"potentialAction":[{"@type":"SearchAction","target":{"@type":"EntryPoint","urlTemplate":"https:\/\/fahrschule-next.de\/?s={search_term_string}"},"query-input":{"@type":"PropertyValueSpecification","valueRequired":true,"valueName":"search_term_string"}}],"inLanguage":"de"},{"@type":"Organization","@id":"https:\/\/fahrschule-next.de\/#organization","name":"Fahrschule Next in Berlin Moabit, Tiergarten, Mitte und Wedding","url":"https:\/\/fahrschule-next.de\/","logo":{"@type":"ImageObject","inLanguage":"de","@id":"https:\/\/fahrschule-next.de\/#\/schema\/logo\/image\/","url":"https:\/\/fahrschule-next.de\/wp-content\/uploads\/2021\/10\/cropped-NEXT-Logo-Favicon.png","contentUrl":"https:\/\/fahrschule-next.de\/wp-content\/uploads\/2021\/10\/cropped-NEXT-Logo-Favicon.png","width":387,"height":243,"caption":"Fahrschule Next in Berlin Moabit, Tiergarten, Mitte und Wedding"},"image":{"@id":"https:\/\/fahrschule-next.de\/#\/schema\/logo\/image\/"}}]}},"_links":{"self":[{"href":"https:\/\/fahrschule-next.de\/index.php?rest_route=\/wp\/v2\/pages\/382","targetHints":{"allow":["GET"]}}],"collection":[{"href":"https:\/\/fahrschule-next.de\/index.php?rest_route=\/wp\/v2\/pages"}],"about":[{"href":"https:\/\/fahrschule-next.de\/index.php?rest_route=\/wp\/v2\/types\/page"}],"author":[{"embeddable":true,"href":"https:\/\/fahrschule-next.de\/index.php?rest_route=\/wp\/v2\/users\/1"}],"replies":[{"embeddable":true,"href":"https:\/\/fahrschule-next.de\/index.php?rest_route=%2Fwp%2Fv2%2Fcomments&post=382"}],"version-history":[{"count":0,"href":"https:\/\/fahrschule-next.de\/index.php?rest_route=\/wp\/v2\/pages\/382\/revisions"}],"wp:attachment":[{"href":"https:\/\/fahrschule-next.de\/index.php?rest_route=%2Fwp%2Fv2%2Fmedia&parent=382"}],"curies":[{"name":"wp","href":"https:\/\/api.w.org\/{rel}","templated":true}]}}